{"id":1439,"date":"2009-07-31T17:13:41","date_gmt":"2009-07-31T20:13:41","guid":{"rendered":"http:\/\/planetaorganico.com.br\/site\/?page_id=1439"},"modified":"2020-07-08T11:22:45","modified_gmt":"2020-07-08T14:22:45","slug":"servicos","status":"publish","type":"page","link":"http:\/\/planetaorganico.agropecuaria.ws\/index.php\/servicos\/","title":{"rendered":"servi\u00e7os"},"content":{"rendered":"<table style=\"background-color: #ccff9a; width: 680px;\" border=\"0\">\n<tbody>\n<tr>\n<td>\n<p><strong><span style=\"font-size: medium;\">Publicidade no Website do Planeta Org\u00e2nico<\/span><\/strong><\/p>\n<\/td>\n<\/tr>\n<\/tbody>\n<\/table>\n<p class=\"MsoNormal\" style=\"margin: 0cm 0cm 10pt;\"><img loading=\"lazy\" class=\"alignright size-full wp-image-5851\" title=\"banfotosvit\" src=\"http:\/\/planetaorganico.agropecuaria.ws\/wp-content\/uploads\/2009\/12\/banfotosvit.gif\" alt=\"banfotosvit\" width=\"131\" height=\"137\" \/><\/p>\n<p class=\"MsoNormal\" style=\"margin: 0cm 0cm 10pt;\">\u00a0<\/p>\n<p><a style=\"font-size: small; font-family: Calibri; font-weight: 700;\" href=\"http:\/\/planetaorganico.agropecuaria.ws\/index.php\/anunciositepo\/\"><img loading=\"lazy\" class=\"alignleft size-full wp-image-5859\" title=\"08logoplaneta\" src=\"http:\/\/planetaorganico.agropecuaria.ws\/wp-content\/uploads\/2009\/12\/08logoplaneta.jpg\" alt=\"08logoplaneta\" width=\"111\" height=\"64\" \/><\/a><\/p>\n<p class=\"MsoNormal\" style=\"margin: 0cm 0cm 10pt;\"><span style=\"font-weight: bold; font-family: Calibri; font-size: small;\">Solicite uma tabela de pre\u00e7os para anunciar no portal que \u00e9 a refer\u00eancia dos org\u00e2nicos na Internet.<\/span><\/p>\n<p class=\"MsoNormal\" style=\"margin: 0cm 0cm 10pt;\"><span style=\"font-family: Calibri; font-size: small;\"><strong><a href=\"mailto:expositor@planetaorganico.com.br\" target=\"_blank\">expositor@planetaorganico.com.br<\/a><\/strong><\/span><\/p>\n<p class=\"MsoNormal\" style=\"margin: 0cm 0cm 10pt;\"><span style=\"font-family: Calibri; font-size: small;\"><strong> <\/strong><\/span><\/p>\n<p class=\"MsoNormal\" style=\"margin: 0cm 0cm 10pt;\">\u00a0<\/p>\n<p class=\"MsoNormal\" style=\"margin: 0cm 0cm 10pt;\">____________________________________________________________________________________________________<\/p>\n","protected":false},"excerpt":{"rendered":"<p>Publicidade no Website do Planeta Org\u00e2nico \u00a0 Solicite uma tabela de pre\u00e7os para anunciar no portal que \u00e9 a refer\u00eancia dos org\u00e2nicos na Internet. expositor@planetaorganico.com.br \u00a0 ____________________________________________________________________________________________________<\/p>\n","protected":false},"author":1,"featured_media":0,"parent":0,"menu_order":3,"comment_status":"open","ping_status":"open","template":"","meta":{"_et_pb_use_builder":"","_et_pb_old_content":"","_et_gb_content_width":""},"_links":{"self":[{"href":"http:\/\/planetaorganico.agropecuaria.ws\/index.php\/wp-json\/wp\/v2\/pages\/1439"}],"collection":[{"href":"http:\/\/planetaorganico.agropecuaria.ws\/index.php\/wp-json\/wp\/v2\/pages"}],"about":[{"href":"http:\/\/planetaorganico.agropecuaria.ws\/index.php\/wp-json\/wp\/v2\/types\/page"}],"author":[{"embeddable":true,"href":"http:\/\/planetaorganico.agropecuaria.ws\/index.php\/wp-json\/wp\/v2\/users\/1"}],"replies":[{"embeddable":true,"href":"http:\/\/planetaorganico.agropecuaria.ws\/index.php\/wp-json\/wp\/v2\/comments?post=1439"}],"version-history":[{"count":5,"href":"http:\/\/planetaorganico.agropecuaria.ws\/index.php\/wp-json\/wp\/v2\/pages\/1439\/revisions"}],"predecessor-version":[{"id":15360,"href":"http:\/\/planetaorganico.agropecuaria.ws\/index.php\/wp-json\/wp\/v2\/pages\/1439\/revisions\/15360"}],"wp:attachment":[{"href":"http:\/\/planetaorganico.agropecuaria.ws\/index.php\/wp-json\/wp\/v2\/media?parent=1439"}],"curies":[{"name":"wp","href":"https:\/\/api.w.org\/{rel}","templated":true}]}}