{"id":1786,"date":"2009-08-06T11:54:42","date_gmt":"2009-08-06T14:54:42","guid":{"rendered":"http:\/\/planetaorganico.com.br\/site\/?page_id=1786"},"modified":"2016-10-27T11:16:05","modified_gmt":"2016-10-27T14:16:05","slug":"quem-certifica","status":"publish","type":"page","link":"http:\/\/planetaorganico.agropecuaria.ws\/index.php\/quem-certifica\/","title":{"rendered":"quem certifica"},"content":{"rendered":"<p><span style=\"font-size: small;\">A <span style=\"text-decoration: underline;\"><strong>listagem atual<\/strong><\/span> de organismos de avalia\u00e7\u00e3o da conformidade org\u00e2nica <span style=\"text-decoration: underline;\"><strong>credenciados<\/strong><\/span> pelo MINIST\u00c9RIO DA AGRICULTURA PECU\u00c1RIA E ABASTECIMENTO para atuarem no Sistema Brasileiro de Avalia\u00e7\u00e3o da Conformidade Org\u00e2nica.<\/span><\/p>\n<p><span style=\"font-size: small;\"> <\/span><\/p>\n<p><br class=\"spacer_\" \/><\/p>\n<p><br class=\"spacer_\" \/><\/p>\n<p><strong><span style=\"color: #ff0000;\">I \u2013 ORGANISMOS DE AVALIA\u00c7\u00c3O DA CONFORMIDADE ORG\u00c2NICA POR CERTIFICA\u00c7\u00c3O (CERTIFICA\u00c7\u00c3O POR AUDITORIA)<\/span><\/strong><\/p>\n<p><strong><span style=\"color: #ff0000;\"><br \/> <\/span><\/strong><\/p>\n<p><strong><span style=\"color: #ff0000;\"> <\/span><\/strong><\/p>\n<p><strong>* ECOCERT BRASIL CERTIFICADORA Ltda.<br \/> <\/strong><a href=\"http:\/\/planetaorganico.agropecuaria.ws\/index.php\/certificadora-ecocert\/\"><img loading=\"lazy\" class=\"alignleft size-full wp-image-15729\" style=\"border-style: initial; border-color: initial;\" title=\"ecocert\" src=\"http:\/\/planetaorganico.agropecuaria.ws\/wp-content\/uploads\/2009\/08\/ecocert.jpg\" alt=\"\" width=\"62\" height=\"62\" \/><\/a><\/p>\n<p><br class=\"spacer_\" \/><\/p>\n<p><br class=\"spacer_\" \/><\/p>\n<p><br class=\"spacer_\" \/><\/p>\n<p><br class=\"spacer_\" \/><\/p>\n<p><strong>* IBD CERTIFICA\u00c7\u00d5ES Ltda.<br \/> <\/strong><a href=\"http:\/\/planetaorganico.agropecuaria.ws\/index.php\/certificadora-ibd\/\"><img loading=\"lazy\" class=\"size-full wp-image-15735 alignleft\" style=\"border-style: initial; border-color: initial;\" title=\"selibd1\" src=\"http:\/\/planetaorganico.agropecuaria.ws\/wp-content\/uploads\/2009\/08\/selibd1.jpg\" alt=\"\" width=\"62\" height=\"64\" \/><\/a><\/p>\n<p><br class=\"spacer_\" \/><\/p>\n<p><br class=\"spacer_\" \/><\/p>\n<p><br class=\"spacer_\" \/><\/p>\n<p><br class=\"spacer_\" \/><\/p>\n<p><br class=\"spacer_\" \/><\/p>\n<p><strong>*IMO &#8211; CONTROL DO BRASIL<br \/> <a href=\"http:\/\/planetaorganico.agropecuaria.ws\/index.php\/certificadora-imo\/?\"><img loading=\"lazy\" class=\"alignleft size-full wp-image-16491\" style=\"border-style: initial; border-color: initial;\" title=\"imologo2\" src=\"http:\/\/planetaorganico.agropecuaria.ws\/wp-content\/uploads\/2009\/08\/imologo2.jpg\" alt=\"\" width=\"110\" height=\"63\" \/><\/a><\/strong><\/p>\n<p><br class=\"spacer_\" \/><\/p>\n<p><br class=\"spacer_\" \/><\/p>\n<p><br class=\"spacer_\" \/><\/p>\n<p>\u00a0<\/p>\n<p>\u00a0<\/p>\n<p>*<strong>INSTITUTO CH\u00c3O VIVO DE AVALIA\u00c7\u00c3O DA CONFORMIDADE<\/strong><\/p>\n<p><a href=\"http:\/\/planetaorganico.agropecuaria.ws\/index.php\/instituto-chao-vivo-de-avaliacao-da-conformidade\"><img loading=\"lazy\" class=\"alignnone size-full wp-image-28606\" title=\"chao-vivo\" src=\"http:\/\/planetaorganico.agropecuaria.ws\/wp-content\/uploads\/2009\/08\/chao-vivo.jpg\" alt=\"\" width=\"89\" height=\"107\" \/><\/a><\/p>\n<p>\u00a0<\/p>\n<p>\u00a0<\/p>\n<p><strong>* INT- INSTITUTO NACIONAL DE TECNOLOGIA<\/strong><br \/> <a href=\"http:\/\/planetaorganico.agropecuaria.ws\/index.php\/certificadora-int\/\"><img loading=\"lazy\" class=\"size-full wp-image-18834 alignleft\" style=\"border-style: initial; border-color: initial;\" title=\"intlogo135\" src=\"http:\/\/planetaorganico.agropecuaria.ws\/wp-content\/uploads\/2009\/08\/intlogo135.jpg\" alt=\"\" width=\"140\" height=\"46\" \/><\/a><\/p>\n<p><br class=\"spacer_\" \/><\/p>\n<p><br class=\"spacer_\" \/><\/p>\n<p><br class=\"spacer_\" \/><\/p>\n<p><br class=\"spacer_\" \/><\/p>\n<p><strong>* INSTITUTO DE TECNOLOGIA DO PARAN\u00c1-TECPAR<br \/> <a href=\"http:\/\/planetaorganico.agropecuaria.ws\/index.php\/certificadora-tecpar\/\"><img loading=\"lazy\" class=\"alignleft size-full wp-image-15745\" style=\"border-style: initial; border-color: initial;\" title=\"logotecpar50\" src=\"http:\/\/planetaorganico.agropecuaria.ws\/wp-content\/uploads\/2009\/08\/logotecpar50.jpg\" alt=\"\" width=\"129\" height=\"40\" \/><\/a><\/strong><\/p>\n<p><br class=\"spacer_\" \/><\/p>\n<p>\u00a0<\/p>\n<p>\u00a0<\/p>\n<p>\u00a0<\/p>\n<p><strong>* OIA BRASIL<\/strong><\/p>\n<p><a href=\"http:\/\/planetaorganico.agropecuaria.ws\/index.php\/certificadora-oia-brasil\"><img loading=\"lazy\" class=\"alignnone size-full wp-image-26389\" title=\"LogoOIA-p\" src=\"http:\/\/planetaorganico.agropecuaria.ws\/wp-content\/uploads\/2009\/08\/LogoOIA-p.jpg\" alt=\"\" width=\"70\" height=\"69\" \/><\/a><\/p>\n<p>\u00a0<\/p>\n<p><span style=\"font-size: small;\"><br \/> <\/span><\/p>\n<p><strong><span style=\"color: #ff0000;\">II &#8211; ORGANISMOS PARTICIPATIVOS DE AVALIA\u00c7\u00c3O DA CONFORMIDADE ORG\u00c2NICA (SISTEMA PARTICIPATIVO)<\/span><\/strong><\/p>\n<p><strong><span style=\"color: #ff0000;\"><br \/> <\/span><\/strong><\/p>\n<p><strong> <\/strong><\/p>\n<p><strong>* ASSOCIA\u00c7\u00c3O DOS AGRICULTORES BIOL\u00d3GICOS DO ESTADO DO RIO DE JANEIRO &#8211; ABIO<br \/> <\/strong><a href=\"http:\/\/planetaorganico.agropecuaria.ws\/index.php\/certificadora-abio\/\"><img loading=\"lazy\" class=\"alignleft size-full wp-image-15704\" title=\"abiobig62\" src=\"http:\/\/planetaorganico.agropecuaria.ws\/wp-content\/uploads\/2009\/08\/abiobig62.gif\" alt=\"\" width=\"68\" height=\"62\" \/><\/a><\/p>\n<p><br class=\"spacer_\" \/><\/p>\n<p><br class=\"spacer_\" \/><\/p>\n<p><br class=\"spacer_\" \/><\/p>\n<p><span style=\"color: #ff0000;\"><strong><br \/> <\/strong><\/span><\/p>\n<p>\u00a0<\/p>\n<p><strong>* ASSOCIA\u00c7\u00c3O DE AGRICULTURA NATURAL DE CAMPINAS E REGI\u00c3O &#8211; ANC<br \/> <\/strong><a href=\"http:\/\/planetaorganico.agropecuaria.ws\/index.php\/certificadora-anc\/\"><img loading=\"lazy\" class=\"alignleft size-full wp-image-15713\" title=\"anc62\" src=\"http:\/\/planetaorganico.agropecuaria.ws\/wp-content\/uploads\/2009\/08\/anc62.gif\" alt=\"\" width=\"68\" height=\"62\" \/><\/a><\/p>\n<p><br class=\"spacer_\" \/><\/p>\n<p><br class=\"spacer_\" \/><\/p>\n<p><br class=\"spacer_\" \/><\/p>\n<p><br class=\"spacer_\" \/><\/p>\n<p><strong>* ASSOCIA\u00c7\u00c3O ECOVIDA DE CERTIFICA\u00c7\u00c3O PARTICIPATIVA \u2013 REDE ECOVIDA<\/strong><br \/> <img loading=\"lazy\" class=\"size-full wp-image-15718 alignleft\" title=\"logoecovida62\" src=\"http:\/\/planetaorganico.agropecuaria.ws\/wp-content\/uploads\/2009\/08\/logoecovida621.jpg\" alt=\"\" width=\"167\" height=\"50\" \/><\/p>\n<p><br class=\"spacer_\" \/><\/p>\n<p><br class=\"spacer_\" \/><\/p>\n<p><br class=\"spacer_\" \/><\/p>\n<table style=\"background-color: #ccff9a; width: 680px;\" border=\"0\" align=\"center\">\n<tbody>\n<tr>\n<td><span style=\"color: #ccff9a;\">l<\/span><\/td>\n<\/tr>\n<\/tbody>\n<\/table>\n<p><strong> <span style=\"font-size: medium;\"><span style=\"color: #000000;\"><a href=\"http:\/\/planetaorganico.agropecuaria.ws\/index.php\/sistemas-participativos\/\"><\/a><a href=\"http:\/\/planetaorganico.agropecuaria.ws\/index.php\/sistemas-participativos\/\"><\/a><a href=\"http:\/\/planetaorganico.agropecuaria.ws\/index.php\/sistemas-participativos\/\"><img loading=\"lazy\" class=\"alignright size-full wp-image-17225\" title=\"seloorga\" src=\"http:\/\/planetaorganico.agropecuaria.ws\/wp-content\/uploads\/2009\/08\/seloorga.jpg\" alt=\"\" width=\"179\" height=\"160\" \/><\/a><\/span><\/span><span style=\"font-size: large;\"> <\/span><\/strong><\/p>\n<p><br class=\"spacer_\" \/><\/p>\n<p><strong><span style=\"font-size: medium;\"><span style=\"color: #000000;\">SISTEMAS PARTICIPATIVOS<\/span><\/span><\/strong><\/p>\n<p style=\"text-align: justify;\">\u00a0<\/p>\n<p style=\"text-align: justify;\">O MAPA publicou uma cartilha explicando o que s\u00e3o Sistemas Participativos de Garantia, um dos mecanismos de garantia que integram o Sistema Brasileiro de Avalia\u00e7\u00e3o da Conformidade Org\u00e2nica (SISORG\/ MAPA), previsto no Decreto n\u00ba 6.323, de 27 de Dezembro de 2007, que regulamenta a Lei n\u00ba 10.831 sobre a agricultura org\u00e2nica.<br \/> <span style=\"color: #0000ff;\"><a href=\"http:\/\/planetaorganico.agropecuaria.ws\/index.php\/sistemas-participativos\/\">Clique aqui para mat\u00e9ria completa!<\/a><\/span><\/p>\n<p style=\"text-align: justify;\">\u00a0<\/p>\n<p style=\"text-align: justify;\"><span style=\"color: #000000;\">_____________________________________________________________________________________________________________<\/span><\/p>\n<p style=\"text-align: justify;\"><span style=\"color: #000000;\"><br \/><\/span><\/p>\n","protected":false},"excerpt":{"rendered":"<p>A listagem atual de organismos de avalia\u00e7\u00e3o da conformidade org\u00e2nica credenciados pelo MINIST\u00c9RIO DA AGRICULTURA PECU\u00c1RIA E ABASTECIMENTO para atuarem no Sistema Brasileiro de Avalia\u00e7\u00e3o da Conformidade Org\u00e2nica. I \u2013 ORGANISMOS DE AVALIA\u00c7\u00c3O DA CONFORMIDADE ORG\u00c2NICA POR CERTIFICA\u00c7\u00c3O (CERTIFICA\u00c7\u00c3O POR AUDITORIA) * ECOCERT BRASIL CERTIFICADORA Ltda. * IBD CERTIFICA\u00c7\u00d5ES Ltda. *IMO &#8211; CONTROL DO BRASIL [&hellip;]<\/p>\n","protected":false},"author":1,"featured_media":0,"parent":0,"menu_order":0,"comment_status":"open","ping_status":"open","template":"","meta":{"_et_pb_use_builder":"","_et_pb_old_content":"","_et_gb_content_width":""},"_links":{"self":[{"href":"http:\/\/planetaorganico.agropecuaria.ws\/index.php\/wp-json\/wp\/v2\/pages\/1786"}],"collection":[{"href":"http:\/\/planetaorganico.agropecuaria.ws\/index.php\/wp-json\/wp\/v2\/pages"}],"about":[{"href":"http:\/\/planetaorganico.agropecuaria.ws\/index.php\/wp-json\/wp\/v2\/types\/page"}],"author":[{"embeddable":true,"href":"http:\/\/planetaorganico.agropecuaria.ws\/index.php\/wp-json\/wp\/v2\/users\/1"}],"replies":[{"embeddable":true,"href":"http:\/\/planetaorganico.agropecuaria.ws\/index.php\/wp-json\/wp\/v2\/comments?post=1786"}],"version-history":[{"count":19,"href":"http:\/\/planetaorganico.agropecuaria.ws\/index.php\/wp-json\/wp\/v2\/pages\/1786\/revisions"}],"predecessor-version":[{"id":15556,"href":"http:\/\/planetaorganico.agropecuaria.ws\/index.php\/wp-json\/wp\/v2\/pages\/1786\/revisions\/15556"}],"wp:attachment":[{"href":"http:\/\/planetaorganico.agropecuaria.ws\/index.php\/wp-json\/wp\/v2\/media?parent=1786"}],"curies":[{"name":"wp","href":"https:\/\/api.w.org\/{rel}","templated":true}]}}