{"id":2,"date":"2009-05-15T03:14:23","date_gmt":"2009-05-15T06:14:23","guid":{"rendered":"http:\/\/planetaorganico.com.br\/site\/?page_id=2"},"modified":"2021-09-14T21:17:58","modified_gmt":"2021-09-15T00:17:58","slug":"o-que-e","status":"publish","type":"page","link":"http:\/\/planetaorganico.agropecuaria.ws\/index.php\/o-que-e\/","title":{"rendered":"o que \u00e9?"},"content":{"rendered":"<p style=\"text-align: justify;\">Planeta Org\u00e2nico \u00e9 um portal, criado a partir da constata\u00e7\u00e3o da crescente demanda por produtos org\u00e2nicos n\u00e3o apenas no Brasil, como em outros pa\u00edses, especialmente na Europa e nos Estados Unidos. Publicado no ano 2000 o site <a href=\"http:\/\/www.planetaorganico.agropecuaria.ws\/\"> <strong> <span style=\"color: #0000ff;\">www.planetaorganico.com.br<\/span> <\/strong> <\/a> \u00e9 considerado a refer\u00eancia do setor org\u00e2nico brasileiro na internet.<\/p>\n<p style=\"text-align: justify;\">O consumidor de hoje est\u00e1 atento \u00e0 quest\u00e3o da preserva\u00e7\u00e3o do meio ambiente e mais cuidadoso com a qualidade de sua alimenta\u00e7\u00e3o. Como duas atitudes v\u00e3o ao encontro do conceito da agricultura org\u00e2nica.<\/p>\n<p style=\"text-align: justify;\">Nossa equipe recolhe e organiza o maior n\u00famero poss\u00edvel de informa\u00e7\u00f5es dispersas relativas ao universo org\u00e2nico, para apresent\u00e1-las ao visitante em um \u00fanico endere\u00e7o: <a href=\"http:\/\/www.planetaorganico.agropecuaria.ws\/\" target=\"_top\" rel=\"noopener noreferrer\"> <strong> <span style=\"color: #0000ff;\">www.planetaorganico.com.br<\/span> <\/strong> <\/a><\/p>\n<p style=\"text-align: justify;\">Seu conte\u00fado, permanentemente atualizado, oferece um leque variado de servi\u00e7os, desde a pesquisa at\u00e9 o com\u00e9rcio, passando por produ\u00e7\u00e3o, certifica\u00e7\u00e3o, consultoria, eventos e gastronomia.<\/p>\n<p style=\"text-align: justify;\">O objetivo deste portal, al\u00e9m de promover o conceito da agricultura org\u00e2nica, seu papel na sa\u00fade e na preserva\u00e7\u00e3o do meio ambiente, \u00e9 tamb\u00e9m conscientizar o consumidor sobre a import\u00e2ncia do consumo sustent\u00e1vel. Sempre que poss\u00edvel, seja nas p\u00e1ginas deste portal, seja em eventos promovidos pelo Planeta Org\u00e2nico, destacamos que a decis\u00e3o do consumidor no momento da compra tem um impacto na cadeia produtiva que determinado produto.<\/p>\n<p style=\"text-align: justify;\">Al\u00e9m disso, um perfil permanente da produ\u00e7\u00e3o org\u00e2nica no pa\u00eds e de suas rela\u00e7\u00f5es comerciais com o mundo, \u00e9 tra\u00e7ado a partir do banco de dados do Planeta Org\u00e2nico, enriquecido a cada visita. Em 2007 o Planeta Org\u00e2nico recebeu 6.000 visitantes\/dia.<\/p>\n<p style=\"text-align: justify;\">O Planeta Org\u00e2nico oferece servi\u00e7os de consultoria e relat\u00f3rios personalizados. Para saber<br \/>mais sobre os SERVI\u00c7OS do Planeta Org\u00e2nico, por favor clique em<strong><span style=\"color: #0000ff;\"><a href=\"http:\/\/planetaorganico.agropecuaria.ws\/index.php\/servicos\/\"><span style=\"color: #0000ff;\">http:\/\/planetaorganico.agropecuaria.ws\/index.php\/servicos\/<\/span> <\/a> <\/span> <\/strong><\/p>\n<p style=\"text-align: justify;\">S\u00e3o sempre muito bem-vindos!<\/p>\n<p style=\"text-align: justify;\"><em>Equipe do Planeta Org\u00e2nico<\/em><\/p>\n\n","protected":false},"excerpt":{"rendered":"<p>Planeta Org\u00e2nico \u00e9 um portal, criado a partir da constata\u00e7\u00e3o da crescente demanda por produtos org\u00e2nicos n\u00e3o apenas no Brasil, como em outros pa\u00edses, especialmente na Europa e nos Estados Unidos. Publicado no ano 2000 o site www.planetaorganico.com.br \u00e9 considerado a refer\u00eancia do setor org\u00e2nico brasileiro na internet. O consumidor de hoje est\u00e1 atento \u00e0 [&hellip;]<\/p>\n","protected":false},"author":1,"featured_media":0,"parent":0,"menu_order":1,"comment_status":"closed","ping_status":"open","template":"","meta":{"_et_pb_use_builder":"off","_et_pb_old_content":"<p style=\"text-align: justify;\"><span style=\"\">Planeta Org\u00e2nico \u00e9 um portal, criado a partir da constata\u00e7\u00e3o da crescente demanda por produtos org\u00e2nicos n\u00e3o apenas no Brasil, como em outros pa\u00edses, especialmente na Europa e nos Estados Unidos. Publicado no ano 2000 o site <\/span><a href=\"http:\/\/www.planetaorganico.agropecuaria.ws\/\"> <strong> <span style=\"color: #0000ff;\">www.planetaorganico.com.br<\/span> <\/strong> <\/a> \u00e9 considerado a refer\u00eancia do setor org\u00e2nico brasileiro na internet.<\/p>\n<p style=\"text-align: justify;\">O consumidor de hoje est\u00e1 atento \u00e0 quest\u00e3o da preserva\u00e7\u00e3o do meio ambiente e mais cuidadoso com a qualidade de sua alimenta\u00e7\u00e3o. Como duas atitudes v\u00e3o ao encontro do conceito da agricultura org\u00e2nica.<\/p>\n<p style=\"text-align: justify;\">Nossa equipe recolhe e organiza o maior n\u00famero poss\u00edvel de informa\u00e7\u00f5es dispersas relativas ao universo org\u00e2nico, para apresent\u00e1-las ao visitante em um \u00fanico endere\u00e7o: <a href=\"http:\/\/www.planetaorganico.agropecuaria.ws\/\" target=\"_top\" rel=\"noopener noreferrer\"> <strong> <span style=\"color: #0000ff;\">www.planetaorganico.com.br<\/span> <\/strong> <\/a><\/p>\n<p style=\"text-align: justify;\">Seu conte\u00fado, permanentemente atualizado, oferece um leque variado de servi\u00e7os, desde a pesquisa at\u00e9 o com\u00e9rcio, passando por produ\u00e7\u00e3o, certifica\u00e7\u00e3o, consultoria, eventos e gastronomia.<\/p>\n<p style=\"text-align: justify;\">O objetivo deste portal, al\u00e9m de promover o conceito da agricultura org\u00e2nica, seu papel na sa\u00fade e na preserva\u00e7\u00e3o do meio ambiente, \u00e9 tamb\u00e9m conscientizar o consumidor sobre a import\u00e2ncia do consumo sustent\u00e1vel. Sempre que poss\u00edvel, seja nas p\u00e1ginas deste portal, seja em eventos promovidos pelo Planeta Org\u00e2nico, destacamos que a decis\u00e3o do consumidor no momento da compra tem um impacto na cadeia produtiva que determinado produto.<\/p>\n<p style=\"text-align: justify;\">Al\u00e9m disso, um perfil permanente da produ\u00e7\u00e3o org\u00e2nica no pa\u00eds e de suas rela\u00e7\u00f5es comerciais com o mundo, \u00e9 tra\u00e7ado a partir do banco de dados do Planeta Org\u00e2nico, enriquecido a cada visita. Em 2007 o Planeta Org\u00e2nico recebeu 6.000 visitantes\/dia.<\/p>\n<p style=\"text-align: justify;\">O Planeta Org\u00e2nico oferece servi\u00e7os de consultoria e relat\u00f3rios personalizados. Para saber mais sobre<br \/>os SERVI\u00c7OS do Planeta Org\u00e2nico, por favor clique em<strong><span style=\"color: #0000ff;\"><a href=\"http:\/\/planetaorganico.agropecuaria.ws\/index.php\/servicos\/\"><span style=\"color: #0000ff;\">http:\/\/planetaorganico.agropecuaria.ws\/index.php\/servicos\/<\/span> <\/a> <\/span> <\/strong><\/p>\n<p style=\"text-align: justify;\">S\u00e3o sempre muito bem-vindos!<\/p>\n<p style=\"text-align: justify;\"><em>Equipe do Planeta Org\u00e2nico<\/em><\/p>\n\n<!-- wp:tadv\/classic-paragraph \/-->","_et_gb_content_width":""},"_links":{"self":[{"href":"http:\/\/planetaorganico.agropecuaria.ws\/index.php\/wp-json\/wp\/v2\/pages\/2"}],"collection":[{"href":"http:\/\/planetaorganico.agropecuaria.ws\/index.php\/wp-json\/wp\/v2\/pages"}],"about":[{"href":"http:\/\/planetaorganico.agropecuaria.ws\/index.php\/wp-json\/wp\/v2\/types\/page"}],"author":[{"embeddable":true,"href":"http:\/\/planetaorganico.agropecuaria.ws\/index.php\/wp-json\/wp\/v2\/users\/1"}],"replies":[{"embeddable":true,"href":"http:\/\/planetaorganico.agropecuaria.ws\/index.php\/wp-json\/wp\/v2\/comments?post=2"}],"version-history":[{"count":16,"href":"http:\/\/planetaorganico.agropecuaria.ws\/index.php\/wp-json\/wp\/v2\/pages\/2\/revisions"}],"predecessor-version":[{"id":32354,"href":"http:\/\/planetaorganico.agropecuaria.ws\/index.php\/wp-json\/wp\/v2\/pages\/2\/revisions\/32354"}],"wp:attachment":[{"href":"http:\/\/planetaorganico.agropecuaria.ws\/index.php\/wp-json\/wp\/v2\/media?parent=2"}],"curies":[{"name":"wp","href":"https:\/\/api.w.org\/{rel}","templated":true}]}}